{"id":39,"date":"2018-05-05T17:52:30","date_gmt":"2018-05-05T17:52:30","guid":{"rendered":"https:\/\/laederegge.ch\/?page_id=39"},"modified":"2018-06-27T11:39:38","modified_gmt":"2018-06-27T11:39:38","slug":"produkte","status":"publish","type":"page","link":"https:\/\/laederegge.ch\/?page_id=39","title":{"rendered":"Produkte"},"content":{"rendered":"<p>In meinem Atelier produziere und repariere ich Produkte aus Leder, Textilien und Technischen Textilien.<br \/>\nUm nur einige Beispiele zu nennen:<\/p>\n<ul>\n<li>G\u00fcrtel: Neu oder k\u00fcrzen<\/li>\n<li>Reissverschluss an T\u00f6fflederjacken ersetzten<\/li>\n<li>Diverse Lederartikel<\/li>\n<li>Reparatur von Reitzaum und Z\u00fcgel<\/li>\n<li>Kleinere Reparaturen an S\u00e4tteln<\/li>\n<li>Reparaturen an Handtaschen<\/li>\n<li>Herstellen von Handtaschen<\/li>\n<li>Herstellen von Hundeleinen und Halsb\u00e4nder<\/li>\n<li>Beziehen von Sitzkissen und Polster<\/li>\n<li>Ihr Lieblingsgurt ist gerissen, werfen Sie Ihn nicht weg. Kommen Sie mit der Gurtschnalle vorbei und wir pr\u00fcfen was ich f\u00fcr Sie tun kann.<\/li>\n<li>Haben Sie eine spezielle Idee, die ich f\u00fcr Sie umsetzen kann?<br \/>\n<strong>Fragen Sie mich!<\/strong><\/li>\n<\/ul>\n<figure id=\"attachment_28\" aria-describedby=\"caption-attachment-28\" style=\"width: 300px\" class=\"wp-caption aligncenter\"><img loading=\"lazy\" decoding=\"async\" class=\"wp-image-28 size-medium\" src=\"https:\/\/laederegge.ch\/wp-content\/uploads\/2018\/05\/Tasche-300x225.jpg\" alt=\"\" width=\"300\" height=\"225\" srcset=\"https:\/\/laederegge.ch\/wp-content\/uploads\/2018\/05\/Tasche-300x225.jpg 300w, https:\/\/laederegge.ch\/wp-content\/uploads\/2018\/05\/Tasche.jpg 448w\" sizes=\"(max-width: 300px) 100vw, 300px\" \/><figcaption id=\"caption-attachment-28\" class=\"wp-caption-text\">Moderne Umh\u00e4ngtasche<\/figcaption><\/figure>\n<figure id=\"attachment_29\" aria-describedby=\"caption-attachment-29\" style=\"width: 226px\" class=\"wp-caption aligncenter\"><img loading=\"lazy\" decoding=\"async\" class=\"wp-image-29\" src=\"https:\/\/laederegge.ch\/wp-content\/uploads\/2018\/05\/Zaum.jpg\" alt=\"\" width=\"226\" height=\"301\" srcset=\"https:\/\/laederegge.ch\/wp-content\/uploads\/2018\/05\/Zaum.jpg 336w, https:\/\/laederegge.ch\/wp-content\/uploads\/2018\/05\/Zaum-225x300.jpg 225w\" sizes=\"(max-width: 226px) 100vw, 226px\" \/><figcaption id=\"caption-attachment-29\" class=\"wp-caption-text\">Pferdehalfter Leder<\/figcaption><\/figure>\n<p>&nbsp;<\/p>\n<div class=\"main-holder\">\n<div class=\"main-frame\">\n<div id=\"content\">\n<div id=\"c95\" class=\"csc-default\">\n<div id=\"c625\" class=\"csc-default\">\n<div data-widget=\"plista_widget_belowArticle\"><\/div>\n<\/div>\n<\/div>\n<\/div>\n<\/div>\n<\/div>\n","protected":false},"excerpt":{"rendered":"<p>In meinem Atelier produziere und repariere ich Produkte aus Leder, Textilien und Technischen Textilien. Um nur einige Beispiele zu nennen: G\u00fcrtel: Neu oder k\u00fcrzen Reissverschluss an T\u00f6fflederjacken ersetzten Diverse Lederartikel Reparatur von Reitzaum und Z\u00fcgel Kleinere Reparaturen an S\u00e4tteln Reparaturen an Handtaschen Herstellen von Handtaschen Herstellen von Hundeleinen und Halsb\u00e4nder Beziehen von Sitzkissen und Polster &hellip; <\/p>\n<p class=\"link-more\"><a href=\"https:\/\/laederegge.ch\/?page_id=39\" class=\"more-link\"><span class=\"screen-reader-text\">\u201eProdukte\u201c<\/span> weiterlesen<\/a><\/p>\n","protected":false},"author":1,"featured_media":153,"parent":0,"menu_order":0,"comment_status":"closed","ping_status":"closed","template":"","meta":{"footnotes":""},"class_list":["post-39","page","type-page","status-publish","has-post-thumbnail","hentry"],"_links":{"self":[{"href":"https:\/\/laederegge.ch\/index.php?rest_route=\/wp\/v2\/pages\/39"}],"collection":[{"href":"https:\/\/laederegge.ch\/index.php?rest_route=\/wp\/v2\/pages"}],"about":[{"href":"https:\/\/laederegge.ch\/index.php?rest_route=\/wp\/v2\/types\/page"}],"author":[{"embeddable":true,"href":"https:\/\/laederegge.ch\/index.php?rest_route=\/wp\/v2\/users\/1"}],"replies":[{"embeddable":true,"href":"https:\/\/laederegge.ch\/index.php?rest_route=%2Fwp%2Fv2%2Fcomments&post=39"}],"version-history":[{"count":10,"href":"https:\/\/laederegge.ch\/index.php?rest_route=\/wp\/v2\/pages\/39\/revisions"}],"predecessor-version":[{"id":188,"href":"https:\/\/laederegge.ch\/index.php?rest_route=\/wp\/v2\/pages\/39\/revisions\/188"}],"wp:featuredmedia":[{"embeddable":true,"href":"https:\/\/laederegge.ch\/index.php?rest_route=\/wp\/v2\/media\/153"}],"wp:attachment":[{"href":"https:\/\/laederegge.ch\/index.php?rest_route=%2Fwp%2Fv2%2Fmedia&parent=39"}],"curies":[{"name":"wp","href":"https:\/\/api.w.org\/{rel}","templated":true}]}}