{"id":160,"date":"2018-05-28T14:47:18","date_gmt":"2018-05-28T14:47:18","guid":{"rendered":"https:\/\/laederegge.ch\/?page_id=160"},"modified":"2018-06-27T11:14:44","modified_gmt":"2018-06-27T11:14:44","slug":"ueber-uns","status":"publish","type":"page","link":"https:\/\/laederegge.ch\/?page_id=160","title":{"rendered":"\u00dcber mich"},"content":{"rendered":"<p>Ich bin gelernte Sattlerin und seit 25 Jahren berufst\u00e4tig. In meiner aktuellen Anstellung konnte ich mir ein breites Wissen im Bereich technische Textilien erarbeiten.<\/p>\n<p>Der Grund warum ich den L\u00e4deregge gegr\u00fcndet habe ist:<\/p>\n<p><strong>&#8222;Leder hat Zukunft&#8220;<\/strong>.<\/p>\n<p>Nachhaltigkeit und Qualit\u00e4t geht jeden etwas an.<\/p>\n","protected":false},"excerpt":{"rendered":"<p>Ich bin gelernte Sattlerin und seit 25 Jahren berufst\u00e4tig. In meiner aktuellen Anstellung konnte ich mir ein breites Wissen im Bereich technische Textilien erarbeiten. Der Grund warum ich den L\u00e4deregge gegr\u00fcndet habe ist: &#8222;Leder hat Zukunft&#8220;. Nachhaltigkeit und Qualit\u00e4t geht jeden etwas an.<\/p>\n","protected":false},"author":2,"featured_media":7,"parent":0,"menu_order":0,"comment_status":"closed","ping_status":"closed","template":"","meta":{"footnotes":""},"class_list":["post-160","page","type-page","status-publish","has-post-thumbnail","hentry"],"_links":{"self":[{"href":"https:\/\/laederegge.ch\/index.php?rest_route=\/wp\/v2\/pages\/160"}],"collection":[{"href":"https:\/\/laederegge.ch\/index.php?rest_route=\/wp\/v2\/pages"}],"about":[{"href":"https:\/\/laederegge.ch\/index.php?rest_route=\/wp\/v2\/types\/page"}],"author":[{"embeddable":true,"href":"https:\/\/laederegge.ch\/index.php?rest_route=\/wp\/v2\/users\/2"}],"replies":[{"embeddable":true,"href":"https:\/\/laederegge.ch\/index.php?rest_route=%2Fwp%2Fv2%2Fcomments&post=160"}],"version-history":[{"count":4,"href":"https:\/\/laederegge.ch\/index.php?rest_route=\/wp\/v2\/pages\/160\/revisions"}],"predecessor-version":[{"id":185,"href":"https:\/\/laederegge.ch\/index.php?rest_route=\/wp\/v2\/pages\/160\/revisions\/185"}],"wp:featuredmedia":[{"embeddable":true,"href":"https:\/\/laederegge.ch\/index.php?rest_route=\/wp\/v2\/media\/7"}],"wp:attachment":[{"href":"https:\/\/laederegge.ch\/index.php?rest_route=%2Fwp%2Fv2%2Fmedia&parent=160"}],"curies":[{"name":"wp","href":"https:\/\/api.w.org\/{rel}","templated":true}]}}